{"id":2,"date":"2025-08-23T20:46:02","date_gmt":"2025-08-23T20:46:02","guid":{"rendered":"http:\/\/www.izmirdorukhaliyikama.com\/?page_id=2"},"modified":"2025-08-30T19:38:04","modified_gmt":"2025-08-30T19:38:04","slug":"sample-page","status":"publish","type":"page","link":"https:\/\/www.izmirdorukhaliyikama.com\/index.php\/sample-page\/","title":{"rendered":"Hakk\u0131m\u0131zda"},"content":{"rendered":"<div data-colibri-id=\"2-c1\" class=\"style-468 style-local-2-c1 position-relative\">\n  <!---->\n  <div data-colibri-component=\"section\" data-colibri-id=\"2-c2\" id=\"about\" class=\"h-section h-section-global-spacing d-flex align-items-lg-center align-items-md-center align-items-center style-473 style-local-2-c2 position-relative\">\n    <!---->\n    <!---->\n    <div class=\"h-section-grid-container h-section-boxed-container\">\n      <!---->\n      <div data-colibri-id=\"2-c3\" class=\"h-row-container gutters-row-lg-0 gutters-row-md-0 gutters-row-0 gutters-row-v-lg-0 gutters-row-v-md-0 gutters-row-v-0 style-474 style-local-2-c3 position-relative\">\n        <!---->\n        <div class=\"h-row justify-content-lg-center justify-content-md-center justify-content-center align-items-lg-stretch align-items-md-stretch align-items-stretch gutters-col-lg-0 gutters-col-md-0 gutters-col-0 gutters-col-v-lg-0 gutters-col-v-md-0 gutters-col-v-0\">\n          <!---->\n          <div class=\"h-column h-column-container d-flex h-col-lg-auto h-col-md-auto h-col-auto style-475-outer style-local-2-c4-outer\">\n            <div data-colibri-id=\"2-c4\" class=\"d-flex h-flex-basis h-column__inner h-px-lg-0 h-px-md-0 h-px-0 v-inner-lg-0 v-inner-md-0 v-inner-0 style-475 style-local-2-c4 position-relative\">\n              <!---->\n              <!---->\n              <div class=\"w-100 h-y-container h-column__content h-column__v-align flex-basis-100 align-self-lg-start align-self-md-start align-self-start\">\n                <!---->\n                <div data-colibri-id=\"2-c5\" class=\"h-text h-text-component style-478 style-local-2-c5 position-relative h-element\">\n                  <!---->\n                  <!---->\n                  <div class=\"\">\n                    <h5>Hakk\u0131m\u0131zda<\/h5>\n                    <p><span style=\"color: rgb(23, 37, 42);\">Biz Doruk Hal\u0131 Y\u0131kama\u2019y\u0131z.Karde\u015f g\u00fcc\u00fcyle kurulmu\u015f, i\u015fimizi kendi evimize yapar gibi yapan bir ekibiz.Bizim i\u00e7in temizlik, sadece hal\u0131daki lekeleri \u00e7\u0131karmak de\u011fildir.Temizlik; g\u00fcven, samimiyet ve m\u00fc\u015fterinin g\u00f6n\u00fcl rahatl\u0131\u011f\u0131d\u0131r.Bir hal\u0131y\u0131 teslim ederken ald\u0131\u011f\u0131m\u0131z \u201celine sa\u011fl\u0131k, tam istedi\u011fim gibi olmu\u015f\u201d c\u00fcmlesi, bizim i\u00e7in en b\u00fcy\u00fck kazan\u00e7t\u0131r.<\/span><\/p>\n                    <p><strong>Neden farkl\u0131y\u0131z?<\/strong><\/p>\n                    <ul>\n                      <li>Havuzda toplu y\u0131kama yapm\u0131yoruz, her hal\u0131y\u0131 ayr\u0131 ayr\u0131 ele al\u0131yoruz.<\/li>\n                      <li>Hal\u0131n\u0131n t\u00fcr\u00fcne g\u00f6re do\u011fru y\u0131kama tekni\u011fi se\u00e7iyoruz.<\/li>\n                      <li>Tar\u0131m Bakanl\u0131\u011f\u0131 onayl\u0131, g\u00fcvenilir deterjanlar kullan\u0131yoruz.<\/li>\n                      <li>M\u00fc\u015fteri memnuniyetini garanti ediyoruz; mutlu olmadan biz ayr\u0131lm\u0131yoruz.<\/li>\n                    <\/ul>\n                    <p>Bizim i\u00e7in Doruk Hal\u0131 Y\u0131kama, sadece bir firma ad\u0131 de\u011fil;\n                      <br><strong>eme\u011fimizin, karde\u015fli\u011fimizin ve m\u00fc\u015fterilerimize verdi\u011fimiz s\u00f6z\u00fcn ad\u0131.<\/strong><\/p>\n                    <p>\n                      <br>\n                    <\/p>\n                  <\/div>\n                <\/div>\n              <\/div>\n            <\/div>\n          <\/div>\n          <div class=\"h-column h-column-container d-flex h-col-lg-auto h-col-md-auto h-col-auto style-479-outer style-local-2-c6-outer\">\n            <div data-colibri-id=\"2-c6\" class=\"d-flex h-flex-basis h-column__inner h-ui-empty-state-container h-px-lg-2 h-px-md-2 h-px-2 v-inner-lg-2 v-inner-md-2 v-inner-2 style-479 style-local-2-c6 position-relative\">\n              <!---->\n              <!---->\n              <div class=\"w-100 h-y-container h-column__content h-column__v-align flex-basis-100\">\n                <!---->\n              <\/div>\n            <\/div>\n          <\/div>\n        <\/div>\n      <\/div>\n    <\/div>\n  <\/div>\n<\/div>","protected":false},"excerpt":{"rendered":"<p>Hakk\u0131m\u0131zda Biz Doruk Hal\u0131 Y\u0131kama\u2019y\u0131z.Karde\u015f g\u00fcc\u00fcyle kurulmu\u015f, i\u015fimizi kendi evimize yapar gibi yapan bir ekibiz.Bizim i\u00e7in temizlik, sadece hal\u0131daki lekeleri \u00e7\u0131karmak de\u011fildir.Temizlik; g\u00fcven, samimiyet ve m\u00fc\u015fterinin g\u00f6n\u00fcl rahatl\u0131\u011f\u0131d\u0131r.Bir hal\u0131y\u0131 teslim ederken ald\u0131\u011f\u0131m\u0131z \u201celine sa\u011fl\u0131k, tam istedi\u011fim gibi olmu\u015f\u201d c\u00fcmlesi, bizim i\u00e7in en b\u00fcy\u00fck kazan\u00e7t\u0131r. Neden farkl\u0131y\u0131z? Havuzda toplu y\u0131kama yapm\u0131yoruz, her hal\u0131y\u0131 ayr\u0131 ayr\u0131 ele [&hellip;]<\/p>\n","protected":false},"author":1,"featured_media":0,"parent":0,"menu_order":0,"comment_status":"closed","ping_status":"open","template":"page-templates\/full-width-page.php","meta":{"footnotes":""},"class_list":["post-2","page","type-page","status-publish","hentry"],"_links":{"self":[{"href":"https:\/\/www.izmirdorukhaliyikama.com\/index.php\/wp-json\/wp\/v2\/pages\/2","targetHints":{"allow":["GET"]}}],"collection":[{"href":"https:\/\/www.izmirdorukhaliyikama.com\/index.php\/wp-json\/wp\/v2\/pages"}],"about":[{"href":"https:\/\/www.izmirdorukhaliyikama.com\/index.php\/wp-json\/wp\/v2\/types\/page"}],"author":[{"embeddable":true,"href":"https:\/\/www.izmirdorukhaliyikama.com\/index.php\/wp-json\/wp\/v2\/users\/1"}],"replies":[{"embeddable":true,"href":"https:\/\/www.izmirdorukhaliyikama.com\/index.php\/wp-json\/wp\/v2\/comments?post=2"}],"version-history":[{"count":5,"href":"https:\/\/www.izmirdorukhaliyikama.com\/index.php\/wp-json\/wp\/v2\/pages\/2\/revisions"}],"predecessor-version":[{"id":357,"href":"https:\/\/www.izmirdorukhaliyikama.com\/index.php\/wp-json\/wp\/v2\/pages\/2\/revisions\/357"}],"wp:attachment":[{"href":"https:\/\/www.izmirdorukhaliyikama.com\/index.php\/wp-json\/wp\/v2\/media?parent=2"}],"curies":[{"name":"wp","href":"https:\/\/api.w.org\/{rel}","templated":true}]}}