{"id":43,"date":"2025-08-23T17:59:32","date_gmt":"2025-08-23T17:59:32","guid":{"rendered":"https:\/\/www.izmirdorukhaliyikama.com\/?page_id=43"},"modified":"2025-08-23T18:26:49","modified_gmt":"2025-08-23T18:26:49","slug":"blog","status":"publish","type":"page","link":"https:\/\/www.izmirdorukhaliyikama.com\/index.php\/blog\/","title":{"rendered":"\u0130leti\u015fim"},"content":{"rendered":"\n<p>Doruk Hal\u0131 Y\u0131kama<br>\u00c7i\u011fli &#8211; Menemen &#8211; Kar\u015f\u0131yaka B\u00f6lgesi<br>0546 190 98 95 &#8211; 0232 999 94 94<\/p>\n\n\n\n<p><\/p>\n","protected":false},"excerpt":{"rendered":"<p>Doruk Hal\u0131 Y\u0131kama\u00c7i\u011fli &#8211; Menemen &#8211; Kar\u015f\u0131yaka B\u00f6lgesi0546 190 98 95 &#8211; 0232 999 94 94<\/p>\n","protected":false},"author":1,"featured_media":0,"parent":0,"menu_order":0,"comment_status":"closed","ping_status":"closed","template":"","meta":{"footnotes":""},"class_list":["post-43","page","type-page","status-publish","hentry"],"_links":{"self":[{"href":"https:\/\/www.izmirdorukhaliyikama.com\/index.php\/wp-json\/wp\/v2\/pages\/43","targetHints":{"allow":["GET"]}}],"collection":[{"href":"https:\/\/www.izmirdorukhaliyikama.com\/index.php\/wp-json\/wp\/v2\/pages"}],"about":[{"href":"https:\/\/www.izmirdorukhaliyikama.com\/index.php\/wp-json\/wp\/v2\/types\/page"}],"author":[{"embeddable":true,"href":"https:\/\/www.izmirdorukhaliyikama.com\/index.php\/wp-json\/wp\/v2\/users\/1"}],"replies":[{"embeddable":true,"href":"https:\/\/www.izmirdorukhaliyikama.com\/index.php\/wp-json\/wp\/v2\/comments?post=43"}],"version-history":[{"count":3,"href":"https:\/\/www.izmirdorukhaliyikama.com\/index.php\/wp-json\/wp\/v2\/pages\/43\/revisions"}],"predecessor-version":[{"id":103,"href":"https:\/\/www.izmirdorukhaliyikama.com\/index.php\/wp-json\/wp\/v2\/pages\/43\/revisions\/103"}],"wp:attachment":[{"href":"https:\/\/www.izmirdorukhaliyikama.com\/index.php\/wp-json\/wp\/v2\/media?parent=43"}],"curies":[{"name":"wp","href":"https:\/\/api.w.org\/{rel}","templated":true}]}}